{"id":43,"date":"2025-08-05T09:19:47","date_gmt":"2025-08-05T09:19:47","guid":{"rendered":"http:\/\/fhix.fr\/?page_id=43"},"modified":"2025-10-03T15:36:48","modified_gmt":"2025-10-03T15:36:48","slug":"competences-techniques","status":"publish","type":"page","link":"https:\/\/fhix.fr\/","title":{"rendered":"EXPERTISES"},"content":{"rendered":"\n<ul class=\"wp-block-list\">\n<li>D\u00e9veloppement IBMi AS400<\/li>\n\n\n\n<li>R\u00e9tro-ing\u00e9nierie, maintenance des programmes RPG historiques<\/li>\n\n\n\n<li>\u00c9criture d\u2019interfaces et sp\u00e9cifiques<\/li>\n\n\n\n<li>Migration Anael Finance et Paie<\/li>\n\n\n\n<li>Audit des programmes et am\u00e9lioration de la performance&nbsp;<\/li>\n\n\n\n<li>Requ\u00eatage des tables DB2 via SQL<\/li>\n\n\n\n<li>Ecritures d\u2019outils pour l\u2019exploitation de l\u2019IBMi<\/li>\n<\/ul>\n\n\n\n<h1 class=\"wp-block-heading\">COMPETENCES TECHNIQUES<\/h1>\n\n\n\n<p><\/p>\n\n\n\n<p><strong>RPG, RPGLE, SQLRPGLE, FREERPG, CLP, CLLE, OS400, DB2, SQL, QUERY, DDS, DSPF, PRTF,<\/strong> <br>WINDEV, PHLWEB, TALEND OPEN STUDIO, NODE-RED, HTML, CSS, JAVASCRIPT, XML,\u00a0 JSON, <br>WIKI, WORD, EXCEL, VISIO<br><\/p>\n\n\n\n<hr class=\"wp-block-separator has-alpha-channel-opacity\"\/>\n\n\n\n<p><strong>FHIX &#8211; Fr\u00e9d\u00e9ric Huard IE<\/strong> &#8211; SIREN : 820 974 194<br>Consultant AS400 IBMi &#8211; 30 ans d&rsquo;exp\u00e9rience &#8211; <a href=\"https:\/\/www.linkedin.com\/in\/fr%C3%A9d%C3%A9ric-huard-089747250\/\" data-type=\"link\" data-id=\"https:\/\/www.linkedin.com\/in\/fr%C3%A9d%C3%A9ric-huard-089747250\/\">Linkedin<\/a><\/p>\n","protected":false},"excerpt":{"rendered":"<p>COMPETENCES TECHNIQUES RPG, RPGLE, SQLRPGLE, FREERPG, CLP, CLLE, OS400, DB2, SQL, QUERY, DDS, DSPF, PRTF, WINDEV, PHLWEB, TALEND OPEN STUDIO, NODE-RED, HTML, CSS, JAVASCRIPT, XML,\u00a0 JSON, WIKI, WORD, EXCEL, VISIO FHIX &#8211; Fr\u00e9d\u00e9ric Huard IE &#8211; SIREN : 820 974 194Consultant AS400 IBMi &#8211; 30 ans d&rsquo;exp\u00e9rience &#8211; Linkedin<\/p>\n","protected":false},"author":1,"featured_media":0,"parent":0,"menu_order":0,"comment_status":"closed","ping_status":"closed","template":"","meta":{"footnotes":""},"class_list":["post-43","page","type-page","status-publish"],"_links":{"self":[{"href":"https:\/\/fhix.fr\/index.php\/wp-json\/wp\/v2\/pages\/43","targetHints":{"allow":["GET"]}}],"collection":[{"href":"https:\/\/fhix.fr\/index.php\/wp-json\/wp\/v2\/pages"}],"about":[{"href":"https:\/\/fhix.fr\/index.php\/wp-json\/wp\/v2\/types\/page"}],"author":[{"embeddable":true,"href":"https:\/\/fhix.fr\/index.php\/wp-json\/wp\/v2\/users\/1"}],"replies":[{"embeddable":true,"href":"https:\/\/fhix.fr\/index.php\/wp-json\/wp\/v2\/comments?post=43"}],"version-history":[{"count":17,"href":"https:\/\/fhix.fr\/index.php\/wp-json\/wp\/v2\/pages\/43\/revisions"}],"predecessor-version":[{"id":353,"href":"https:\/\/fhix.fr\/index.php\/wp-json\/wp\/v2\/pages\/43\/revisions\/353"}],"wp:attachment":[{"href":"https:\/\/fhix.fr\/index.php\/wp-json\/wp\/v2\/media?parent=43"}],"curies":[{"name":"wp","href":"https:\/\/api.w.org\/{rel}","templated":true}]}}